

{"id":106,"date":"2023-11-17T22:45:38","date_gmt":"2023-11-17T21:45:38","guid":{"rendered":"https:\/\/helbing-it.de\/?page_id=106"},"modified":"2023-12-31T00:54:16","modified_gmt":"2023-12-30T23:54:16","slug":"shop-template","status":"publish","type":"page","link":"https:\/\/helbing-it.de\/","title":{"rendered":"Shop ~ Template"},"content":{"rendered":"\n<div class=\"wp-block-columns is-layout-flex wp-container-core-columns-is-layout-9d6595d7 wp-block-columns-is-layout-flex\">\n<div class=\"wp-block-column is-layout-flow wp-block-column-is-layout-flow\">\n<p>&#8230;.. &#8230;&#8230; &#8230;&#8230;.<\/p>\n<\/div>\n<\/div>\n\n\n\n<div class=\"wp-block-columns are-vertically-aligned-center is-layout-flex wp-container-core-columns-is-layout-9d6595d7 wp-block-columns-is-layout-flex\">\n<div class=\"wp-block-column is-vertically-aligned-center is-layout-flow wp-block-column-is-layout-flow\" style=\"flex-basis:66.67%\">\n\n\n<p class=\"has-text-align-center\">BANNER<\/p>\n<\/div>\n\n\n\n<div class=\"wp-block-column is-vertically-aligned-center is-layout-flow wp-block-column-is-layout-flow\" style=\"flex-basis:33.33%\">\n<div class=\"wp-block-columns is-layout-flex wp-container-core-columns-is-layout-9d6595d7 wp-block-columns-is-layout-flex\">\n<div class=\"wp-block-column is-vertically-aligned-stretch is-layout-flow wp-block-column-is-layout-flow\">\n\n\n\t\t\t\t<div id=\"map_ol3js_1\" class=\"map undefined\" data-map_name=\"undefined\" data-map=\"map_ol3js_1\" style=\"width:95%; max-width:100%; height:250px; display:block; overflow:hidden;border:2px solid grey;\" >\n\t\t\t\t  <div id=\"map_ol3js_1_popup\" class=\"ol-popup\" >\n\t\t\t\t\t<a href=\"#\" id=\"map_ol3js_1_popup-closer\" class=\"ol-popup-closer\"><\/a>\n\t\t\t\t\t<div id=\"map_ol3js_1_popup-content\" ><\/div>\n\t\t\t\t  <\/div>\n\t\t\t\t<\/div>\n\t\t\t\n\t\t\t\t<link rel=\"stylesheet\" href=\"https:\/\/helbing-it.de\/wp-content\/plugins\/osm\/js\/OL\/7.1.0\/ol.css?ver=7.1.0\" type=\"text\/css\">\n\t\t\t\t<link rel=\"stylesheet\" href=\"https:\/\/helbing-it.de\/wp-content\/plugins\/osm\/css\/osm_map_v3.css?ver=1.0.0\" type=\"text\/css\">\n\t\t\t\t<link rel=\"stylesheet\" href=\"https:\/\/helbing-it.de\/wp-content\/plugins\/osm\/css\/osm_map.css?ver=1.0.0\" type=\"text\/css\">\n\t\t\t\t<!-- The line below is only needed for old environments like Internet Explorer and Android 4.x -->\n                                <script src=\"https:\/\/helbing-it.de\/wp-content\/plugins\/osm\/js\/polyfill\/v2\/polyfill.min.js?features=requestAnimationFrame,Element.prototype.classList,URL\"><\/script>\n\n\t\t\t\t<script src=\"https:\/\/helbing-it.de\/wp-content\/plugins\/osm\/js\/OL\/7.1.0\/ol.js?ver=7.1.0\" type=\"text\/javascript\"><\/script>\n\t\t\t\t<script src=\"https:\/\/helbing-it.de\/wp-content\/plugins\/osm\/js\/osm-v3-plugin-lib.js?ver=1.0.0\" type=\"text\/javascript\"><\/script>\n\t\t\t\t<script src=\"https:\/\/helbing-it.de\/wp-content\/plugins\/osm\/js\/osm-metabox-events.js?ver=1.0.0\" type=\"text\/javascript\"><\/script>\n\t\t\t\t<script src=\"https:\/\/helbing-it.de\/wp-content\/plugins\/osm\/js\/osm-startup-lib.js\" type=\"text\/javascript\"><\/script>\n\t\t\t\t<script type=\"text\/javascript\">\n\t\t\t\t\ttranslations['openlayer'] = \"open layer\";\n\t\t\t\t\ttranslations['openlayerAtStartup'] = \"open layer at startup\";\n\t\t\t\t\ttranslations['generateLink'] = \"Der Link zur Karte mit ausgew\u00e4hlten Overlays und angezeigtem Ausschnitt\";\n\t\t\t\t\ttranslations['shortDescription'] = \"Kurzbeschreibung\";\n\t\t\t\t\ttranslations['generatedShortCode'] = \"to get a text control link paste this code in your wordpress editor\";\n\t\t\t\t\ttranslations['closeLayer'] = \"close layer\";\n\t\t\t\t\ttranslations['cantGenerateLink'] = \"put this string in the existing map short code to control this map\";\n\t\t\t  <\/script>\n\n\n\t\t\t  <script type=\"text\/javascript\">\n\t\t\t  vectorM['map_ol3js_1'] = [];\n\t        \n        var raster = getTileLayer(\"osm\",\"NoKey\");\t\t\t\n\n\t\t\t  var map_ol3js_1 = new ol.Map({\n\t\t\t\tinteractions: ol.interaction.defaults.defaults({mouseWheelZoom:false}),\n\t\t\t\tlayers: [raster],\n\t\t\t\ttarget: \"map_ol3js_1\",\n\t\t\t\tview: new ol.View({\n\t\t\t\t  center: ol.proj.transform([13.0000,51.0000], \"EPSG:4326\", \"EPSG:3857\"),\n\t\t\t\t  zoom: 7.0\n\t\t\t\t})\n\t\t\t  });\n\t\t\t  osm_addMarkerLayer(map_ol3js_1,41.9382,41.9952,\"https:\/\/helbing-it.de\/wp-content\/plugins\/osm\/icons\/mic_black_pinother_02.png\",-16,-41,\"<p><\/p>\") ; \naddControls2Map(map_ol3js_1,0,0,3,0,5,6,7,0,1);\nosm_addPopupClickhandler(map_ol3js_1,  \"map_ol3js_1\"); \nosm_addMouseHover(map_ol3js_1); <\/script>\n<\/div>\n<\/div>\n\n\n\n<div class=\"wp-block-columns has-white-background-color has-background is-layout-flex wp-container-core-columns-is-layout-9d6595d7 wp-block-columns-is-layout-flex\">\n<div class=\"wp-block-column is-layout-flow wp-block-column-is-layout-flow\">\n<p><a href=\"https:\/\/helbing-it.de\/?page_id=27\">Kasse<\/a><\/p>\n<\/div>\n\n\n\n<div class=\"wp-block-column is-layout-flow wp-block-column-is-layout-flow\">\n<p><a href=\"https:\/\/helbing-it.de\/?page_id=26\">Warenkorb<\/a><\/p>\n<\/div>\n\n\n\n<div class=\"wp-block-column is-layout-flow wp-block-column-is-layout-flow\">\n<p>&#8230;<\/p>\n<\/div>\n<\/div>\n<\/div>\n\n\n\n<div class=\"wp-block-column is-layout-flow wp-block-column-is-layout-flow\"><\/div>\n<\/div>\n\n\n\n<p class=\"has-text-align-center has-white-background-color has-background has-medium-font-size\">| <a href=\"https:\/\/helbing-it.de\/?product_cat=pizza\">Pizza<\/a> | <a href=\"https:\/\/helbing-it.de\/?product_cat=salat\">Salat<\/a> | <a href=\"http:\/\/helbing-it.de\/?product_cat=burger\">Burger<\/a> | <a href=\"http:\/\/helbing-it.de\/?product_cat=fingerfood\">Fingerfood<\/a> | &#8230; | &#8230; | &#8230; | &#8230; | &#8230; | &#8230; | &#8230; | &#8230; | &#8230; | &#8230; | &#8230; | &#8230; | &#8230; | &#8230; |<\/p>\n\n\n<form role=\"search\" method=\"get\" action=\"https:\/\/helbing-it.de\/\" class=\"wp-block-search__button-inside wp-block-search__icon-button wp-block-search\"    ><label class=\"wp-block-search__label screen-reader-text\" for=\"wp-block-search__input-1\" >Suchen<\/label><div class=\"wp-block-search__inside-wrapper\"  style=\"width: 100%\"><input class=\"wp-block-search__input has-large-font-size\" id=\"wp-block-search__input-1\" placeholder=\"Suche Produkte\u2026\" value=\"\" type=\"search\" name=\"s\" required \/><input type=\"hidden\" name=\"post_type\" value=\"product\" \/><button aria-label=\"Suche\" class=\"wp-block-search__button has-large-font-size has-icon wp-element-button\" type=\"submit\" ><svg class=\"search-icon\" viewBox=\"0 0 24 24\" width=\"24\" height=\"24\">\n\t\t\t\t\t<path d=\"M13 5c-3.3 0-6 2.7-6 6 0 1.4.5 2.7 1.3 3.7l-3.8 3.8 1.1 1.1 3.8-3.8c1 .8 2.3 1.3 3.7 1.3 3.3 0 6-2.7 6-6S16.3 5 13 5zm0 10.5c-2.5 0-4.5-2-4.5-4.5s2-4.5 4.5-4.5 4.5 2 4.5 4.5-2 4.5-4.5 4.5z\"><\/path>\n\t\t\t\t<\/svg><\/button><\/div><\/form>\n\n\n<p><\/p>\n\n\n\n<div class=\"wp-block-columns is-layout-flex wp-container-core-columns-is-layout-9d6595d7 wp-block-columns-is-layout-flex\">\n<div class=\"wp-block-column has-white-background-color has-background has-medium-font-size is-layout-flow wp-block-column-is-layout-flow\" style=\"flex-basis:15%\">\n<p><\/p>\n\n\n\n<p>Produkte ..<\/p>\n\n\n\n<p><\/p>\n\n\n\n<details class=\"wp-block-details is-layout-flow wp-block-details-is-layout-flow\"><summary><a href=\"https:\/\/helbing-it.de\/?product_cat=pizza\">Produkt<\/a><\/summary>\n<ul class=\"wp-block-list\">\n<li><a href=\"http:\/\/aa\">&#8230; 1<\/a><\/li>\n<\/ul>\n<\/details>\n\n\n\n<div class=\"wp-block-group\"><div class=\"wp-block-group__inner-container is-layout-constrained wp-block-group-is-layout-constrained\">\n<details class=\"wp-block-details is-layout-flow wp-block-details-is-layout-flow\"><summary><a href=\"https:\/\/helbing-it.de\/?product_cat=pizza\">Pizza<\/a><\/summary>\n<ul class=\"wp-block-list\">\n<li><a href=\"https:\/\/helbing-it.de\/?product=pizza-1\">Pizza 1<\/a><\/li>\n\n\n\n<li><a href=\"http:\/\/helbing-it.de\/?product=pizza-2\">Pizza 2<\/a><\/li>\n\n\n\n<li><a href=\"http:\/\/helbing-it.de\/?product=pizza-3\">Pizza 3<\/a><\/li>\n\n\n\n<li><a href=\"http:\/\/helbing-it.de\/?product=pizza-4\">Pizza 4<\/a><\/li>\n\n\n\n<li><a href=\"http:\/\/helbing-it.de\/?product=pizza-5\">Pizza 5<\/a><\/li>\n<\/ul>\n<\/details>\n<\/div><\/div>\n\n\n\n<details class=\"wp-block-details is-layout-flow wp-block-details-is-layout-flow\"><summary><a href=\"https:\/\/helbing-it.de\/?product_cat=pizza\"><\/a><a href=\"http:\/\/helbing-it.de\/?product_cat=fingerfood\">Fingerfood<\/a><\/summary>\n<ul class=\"wp-block-list\">\n<li><a href=\"https:\/\/helbing-it.de\/?product=pommes-1\">Pommes<\/a><\/li>\n<\/ul>\n<\/details>\n\n\n\n<details class=\"wp-block-details is-layout-flow wp-block-details-is-layout-flow\"><summary><a href=\"https:\/\/helbing-it.de\/?product_cat=salat\">Salat<\/a><\/summary>\n<ul class=\"wp-block-list\">\n<li><a href=\"https:\/\/helbing-it.de\/?product=salat-1\"><\/a><a href=\"http:\/\/helbing-it.de\/?product=salat-1\">Salat 1<\/a><\/li>\n\n\n\n<li><a href=\"http:\/\/helbing-it.de\/?product=salat-2\">Salat 2<\/a><\/li>\n<\/ul>\n<\/details>\n\n\n\n<details class=\"wp-block-details is-layout-flow wp-block-details-is-layout-flow\"><summary><a href=\"http:\/\/helbing-it.de\/?product_cat=burger\">Burger<\/a><\/summary>\n<ul class=\"wp-block-list\">\n<li><a href=\"https:\/\/helbing-it.de\/?product=salat-1\"><\/a><a href=\"http:\/\/helbing-it.de\/?product=burger-1\">Burger 1<\/a><\/li>\n\n\n\n<li><a href=\"http:\/\/helbing-it.de\/?product=burger-2\">Burger 2<\/a><\/li>\n<\/ul>\n<\/details>\n<\/div>\n\n\n\n<div class=\"wp-block-column has-white-background-color has-background is-layout-flow wp-block-column-is-layout-flow\" style=\"flex-basis:60%\">\n<div class=\"wp-block-group\"><div class=\"wp-block-group__inner-container is-layout-constrained wp-block-group-is-layout-constrained\"><div data-block-name=\"woocommerce\/all-products\" data-columns=\"3\" data-rows=\"3\" data-align-buttons=\"false\" data-content-visibility=\"{&quot;orderBy&quot;:false}\" data-orderby=\"date\" data-layout-config=\"[[&quot;woocommerce\\\/product-image&quot;,{&quot;showProductLink&quot;:true,&quot;showSaleBadge&quot;:true,&quot;saleBadgeAlign&quot;:&quot;right&quot;,&quot;imageSizing&quot;:&quot;thumbnail&quot;,&quot;productId&quot;:0,&quot;isDescendentOfQueryLoop&quot;:false,&quot;isDescendentOfSingleProductBlock&quot;:false,&quot;scale&quot;:&quot;cover&quot;,&quot;children&quot;:[],&quot;isDescendantOfAllProducts&quot;:true}],[&quot;woocommerce\\\/product-title&quot;,{&quot;headingLevel&quot;:2,&quot;showProductLink&quot;:true,&quot;productId&quot;:0,&quot;children&quot;:[],&quot;isDescendantOfAllProducts&quot;:true}],[&quot;woocommerce\\\/product-price&quot;,{&quot;productId&quot;:0,&quot;isDescendentOfQueryLoop&quot;:false,&quot;textAlign&quot;:&quot;&quot;,&quot;isDescendentOfSingleProductTemplate&quot;:false,&quot;isDescendentOfSingleProductBlock&quot;:false,&quot;children&quot;:[],&quot;isDescendantOfAllProducts&quot;:true}],[&quot;woocommerce\\\/product-rating&quot;,{&quot;productId&quot;:0,&quot;isDescendentOfQueryLoop&quot;:false,&quot;textAlign&quot;:&quot;&quot;,&quot;isDescendentOfSingleProductBlock&quot;:false,&quot;isDescendentOfSingleProductTemplate&quot;:false,&quot;children&quot;:[],&quot;isDescendantOfAllProducts&quot;:true}]]\" class=\"wp-block-woocommerce-all-products wc-block-all-products\" data-attributes=\"{&quot;alignButtons&quot;:false,&quot;columns&quot;:3,&quot;contentVisibility&quot;:{&quot;orderBy&quot;:false},&quot;isPreview&quot;:false,&quot;layoutConfig&quot;:[[&quot;woocommerce\/product-image&quot;,{&quot;showProductLink&quot;:true,&quot;showSaleBadge&quot;:true,&quot;saleBadgeAlign&quot;:&quot;right&quot;,&quot;imageSizing&quot;:&quot;thumbnail&quot;,&quot;productId&quot;:0,&quot;isDescendentOfQueryLoop&quot;:false,&quot;isDescendentOfSingleProductBlock&quot;:false,&quot;scale&quot;:&quot;cover&quot;,&quot;children&quot;:[],&quot;isDescendantOfAllProducts&quot;:true}],[&quot;woocommerce\/product-title&quot;,{&quot;headingLevel&quot;:2,&quot;showProductLink&quot;:true,&quot;productId&quot;:0,&quot;children&quot;:[],&quot;isDescendantOfAllProducts&quot;:true}],[&quot;woocommerce\/product-price&quot;,{&quot;productId&quot;:0,&quot;isDescendentOfQueryLoop&quot;:false,&quot;textAlign&quot;:&quot;&quot;,&quot;isDescendentOfSingleProductTemplate&quot;:false,&quot;isDescendentOfSingleProductBlock&quot;:false,&quot;children&quot;:[],&quot;isDescendantOfAllProducts&quot;:true}],[&quot;woocommerce\/product-rating&quot;,{&quot;productId&quot;:0,&quot;isDescendentOfQueryLoop&quot;:false,&quot;textAlign&quot;:&quot;&quot;,&quot;isDescendentOfSingleProductBlock&quot;:false,&quot;isDescendentOfSingleProductTemplate&quot;:false,&quot;children&quot;:[],&quot;isDescendantOfAllProducts&quot;:true}]],&quot;orderby&quot;:&quot;date&quot;,&quot;rows&quot;:3}\"><div data-block-name=\"woocommerce\/product-image\" data-image-sizing=\"thumbnail\" class=\"is-loading\"><\/div>\n\n<div data-block-name=\"woocommerce\/product-title\" class=\"wp-block-woocommerce-product-title is-loading\"><\/div>\n\n<div data-block-name=\"woocommerce\/product-price\" class=\"is-loading\"><\/div>\n\n<div data-block-name=\"woocommerce\/product-rating\" class=\"is-loading\"><\/div><\/div><\/div><\/div>\n<\/div>\n\n\n\n<div class=\"wp-block-column has-white-background-color has-background is-layout-flow wp-block-column-is-layout-flow\" style=\"flex-basis:25%\">\n<p><\/p>\n\n\n\n<p>aaa<\/p>\n\n\n\n<p><\/p>\n\n\n<div data-block-name=\"woocommerce\/mini-cart\" data-has-hidden-price=\"false\" data-price-color=\"{&quot;name&quot;:&quot;Schwarz&quot;,&quot;slug&quot;:&quot;black&quot;,&quot;color&quot;:&quot;#000000&quot;,&quot;class&quot;:&quot;has-black-product-count-color&quot;}\" data-icon-color=\"{&quot;name&quot;:&quot;Bl\\u00e4uliches Cyangrau&quot;,&quot;slug&quot;:&quot;cyan-bluish-gray&quot;,&quot;color&quot;:&quot;#abb8c3&quot;,&quot;class&quot;:&quot;has-cyan-bluish-gray-icon-color&quot;}\" data-product-count-color=\"{&quot;color&quot;:&quot;#00000000&quot;}\" data-font-size=\"large\" data-style=\"{&quot;typography&quot;:{&quot;fontWeight&quot;:&quot;400&quot;}}\" class=\"wc-block-mini-cart wp-block-woocommerce-mini-cart has-font-size has-large-font-size\" style=\"font-weight: 400;\">\n\t\t\t<button class=\"wc-block-mini-cart__button\"><span class=\"wc-block-mini-cart__amount\" style=\"color:#000000 \"><\/span>\n\t\t<span class=\"wc-block-mini-cart__quantity-badge\">\n\t\t\t<svg class=\"wc-block-mini-cart__icon\" width=\"32\" height=\"32\" viewBox=\"0 0 32 32\" fill=\"#abb8c3\" xmlns=\"http:\/\/www.w3.org\/2000\/svg\">\n\t\t\t\t\t<circle cx=\"12.6667\" cy=\"24.6667\" r=\"2\" fill=\"#abb8c3\"\/>\n\t\t\t\t\t<circle cx=\"23.3333\" cy=\"24.6667\" r=\"2\" fill=\"#abb8c3\"\/>\n\t\t\t\t\t<path fill-rule=\"evenodd\" clip-rule=\"evenodd\" d=\"M9.28491 10.0356C9.47481 9.80216 9.75971 9.66667 10.0606 9.66667H25.3333C25.6232 9.66667 25.8989 9.79247 26.0888 10.0115C26.2787 10.2305 26.3643 10.5211 26.3233 10.8081L24.99 20.1414C24.9196 20.6341 24.4977 21 24 21H12C11.5261 21 11.1173 20.6674 11.0209 20.2034L9.08153 10.8701C9.02031 10.5755 9.09501 10.269 9.28491 10.0356ZM11.2898 11.6667L12.8136 19H23.1327L24.1803 11.6667H11.2898Z\" fill=\"#abb8c3\"\/>\n\t\t\t\t\t<path fill-rule=\"evenodd\" clip-rule=\"evenodd\" d=\"M5.66669 6.66667C5.66669 6.11438 6.1144 5.66667 6.66669 5.66667H9.33335C9.81664 5.66667 10.2308 6.01229 10.3172 6.48778L11.0445 10.4878C11.1433 11.0312 10.7829 11.5517 10.2395 11.6505C9.69614 11.7493 9.17555 11.3889 9.07676 10.8456L8.49878 7.66667H6.66669C6.1144 7.66667 5.66669 7.21895 5.66669 6.66667Z\" fill=\"#abb8c3\"\/>\n\t\t\t\t<\/svg>\n\t\t\t<span class=\"wc-block-mini-cart__badge\" style=\"background:#00000000\"><\/span>\n\t\t<\/span><\/button>\n\t\t\t<div class=\"is-loading wc-block-components-drawer__screen-overlay wc-block-components-drawer__screen-overlay--is-hidden\" aria-hidden=\"true\">\n\t\t\t\t<div class=\"wc-block-mini-cart__drawer wc-block-components-drawer\">\n\t\t\t\t\t<div class=\"wc-block-components-drawer__content\">\n\t\t\t\t\t\t<div class=\"wc-block-mini-cart__template-part\"><div data-block-name=\"woocommerce\/mini-cart-contents\" class=\"wp-block-woocommerce-mini-cart-contents\">\n\t<div data-block-name=\"woocommerce\/filled-mini-cart-contents-block\" class=\"wp-block-woocommerce-filled-mini-cart-contents-block\">\n\t\t<div data-block-name=\"woocommerce\/mini-cart-title-block\" class=\"wp-block-woocommerce-mini-cart-title-block\">\n\t\t\t<div data-block-name=\"woocommerce\/mini-cart-title-label-block\" class=\"wp-block-woocommerce-mini-cart-title-label-block\">\n\t\t\t<\/div>\n\n\t\t\t<div data-block-name=\"woocommerce\/mini-cart-title-items-counter-block\" class=\"wp-block-woocommerce-mini-cart-title-items-counter-block\">\n\t\t\t<\/div>\n\t\t<\/div>\n\t\t<div data-block-name=\"woocommerce\/mini-cart-items-block\" class=\"wp-block-woocommerce-mini-cart-items-block\">\n\t\t\t<div data-block-name=\"woocommerce\/mini-cart-products-table-block\" class=\"wp-block-woocommerce-mini-cart-products-table-block\">\n\t\t\t<\/div>\n\t\t<\/div>\n\t\t<div data-block-name=\"woocommerce\/mini-cart-footer-block\" class=\"wp-block-woocommerce-mini-cart-footer-block\">\n\t\t\t<div data-block-name=\"woocommerce\/mini-cart-cart-button-block\" class=\"wp-block-woocommerce-mini-cart-cart-button-block\"><\/div>\n\t\t\t<div data-block-name=\"woocommerce\/mini-cart-checkout-button-block\" class=\"wp-block-woocommerce-mini-cart-checkout-button-block\"><\/div>\n\t\t<\/div>\n\t<\/div>\n\n\t<div data-block-name=\"woocommerce\/empty-mini-cart-contents-block\" class=\"wp-block-woocommerce-empty-mini-cart-contents-block\">\n\t\t<p class=\"has-text-align-center\"><strong>Dein Warenkorb ist derzeit leer!<\/strong><\/p>\n\n\t\t<div data-block-name=\"woocommerce\/mini-cart-shopping-button-block\" class=\"wp-block-woocommerce-mini-cart-shopping-button-block\"><\/div>\n\t<\/div>\n<\/div>\n<\/div>\n\t\t\t\t\t<\/div>\n\t\t\t\t<\/div>\n\t\t\t<\/div>\n\t\t<\/div>\n\n\n<div class=\"wp-block-buttons is-horizontal is-content-justification-center is-layout-flex wp-container-core-buttons-is-layout-499968f5 wp-block-buttons-is-layout-flex\">\n<div class=\"wp-block-button has-custom-width wp-block-button__width-100 is-style-fill\"><a class=\"wp-block-button__link has-text-align-center wp-element-button\" href=\"http:\/\/helbing-it.de\/?page_id=27\">zur Kasse<\/a><\/div>\n<\/div>\n<\/div>\n<\/div>\n\n\n\n<div class=\"wp-block-columns is-layout-flex wp-container-core-columns-is-layout-9d6595d7 wp-block-columns-is-layout-flex\">\n<div class=\"wp-block-column is-layout-flow wp-block-column-is-layout-flow\"><\/div>\n<\/div>\n\n\n\n<div class=\"wp-block-columns is-layout-flex wp-container-core-columns-is-layout-9d6595d7 wp-block-columns-is-layout-flex\">\n<div class=\"wp-block-column has-white-background-color has-background has-small-font-size is-layout-flow wp-block-column-is-layout-flow\">\n<p><a href=\"https:\/\/helbing-it.de\/?page_id=151\" data-type=\"link\" data-id=\"https:\/\/helbing-it.de\/?page_id=151\">Impressum<\/a>, <a href=\"https:\/\/helbing-it.de\/?page_id=3\">Datenschutzvereinbarungen<\/a>, <a href=\"https:\/\/helbing-it.de\/?page_id=29\">Richtlinien f\u00fcr R\u00fcckerstattung und R\u00fcckgabe<\/a><\/p>\n<\/div>\n<\/div>\n\n\n","protected":false},"excerpt":{"rendered":"<p>&#8230;.. &#8230;&#8230; &#8230;&#8230;. BANNER Kasse Warenkorb &#8230; | Pizza | Salat | Burger | Fingerfood | &#8230; | &#8230; | &#8230; | &#8230; | &#8230; | &#8230; | &#8230; |. <a class=\"read-more-link\" href=\"https:\/\/helbing-it.de\/\">read more&#8230;<\/a><\/p>\n","protected":false},"author":1,"featured_media":0,"parent":25,"menu_order":0,"comment_status":"closed","ping_status":"closed","template":"","meta":{"footnotes":""},"class_list":["post-106","page","type-page","status-publish","hentry"],"jetpack_sharing_enabled":true,"_links":{"self":[{"href":"https:\/\/helbing-it.de\/index.php?rest_route=\/wp\/v2\/pages\/106","targetHints":{"allow":["GET"]}}],"collection":[{"href":"https:\/\/helbing-it.de\/index.php?rest_route=\/wp\/v2\/pages"}],"about":[{"href":"https:\/\/helbing-it.de\/index.php?rest_route=\/wp\/v2\/types\/page"}],"author":[{"embeddable":true,"href":"https:\/\/helbing-it.de\/index.php?rest_route=\/wp\/v2\/users\/1"}],"replies":[{"embeddable":true,"href":"https:\/\/helbing-it.de\/index.php?rest_route=%2Fwp%2Fv2%2Fcomments&post=106"}],"version-history":[{"count":74,"href":"https:\/\/helbing-it.de\/index.php?rest_route=\/wp\/v2\/pages\/106\/revisions"}],"predecessor-version":[{"id":352,"href":"https:\/\/helbing-it.de\/index.php?rest_route=\/wp\/v2\/pages\/106\/revisions\/352"}],"up":[{"embeddable":true,"href":"https:\/\/helbing-it.de\/index.php?rest_route=\/wp\/v2\/pages\/25"}],"wp:attachment":[{"href":"https:\/\/helbing-it.de\/index.php?rest_route=%2Fwp%2Fv2%2Fmedia&parent=106"}],"curies":[{"name":"wp","href":"https:\/\/api.w.org\/{rel}","templated":true}]}}